{"id":230,"date":"2026-02-28T08:54:44","date_gmt":"2026-02-28T08:54:44","guid":{"rendered":"https:\/\/foto.sbig.it\/?page_id=230"},"modified":"2026-03-11T15:48:49","modified_gmt":"2026-03-11T15:48:49","slug":"cookie-policy","status":"publish","type":"page","link":"https:\/\/foto.instampa.in\/?page_id=230","title":{"rendered":"Cookie Policy"},"content":{"rendered":"\n<h1 class=\"wp-block-heading\"><\/h1>\n\n\n\n<p><strong>Informativa sull&#8217;utilizzo dei Cookie per foto.instampa.in<\/strong><\/p>\n\n\n\n<p>La presente Cookie Policy ha lo scopo di illustrare i tipi e le finalit\u00e0 dei cookie utilizzati dal nostro sito web e di fornirti le indicazioni su come gestire le tue preferenze.<\/p>\n\n\n\n<h3 class=\"wp-block-heading\">1. Cosa sono i Cookie?<\/h3>\n\n\n\n<p>I cookie sono piccoli file di testo che i siti visitati inviano al terminale dell&#8217;utente (computer, tablet, smartphone), dove vengono memorizzati per poi essere ritrasmessi agli stessi siti alla visita successiva. I cookie servono a migliorare la navigazione, salvare le preferenze dell&#8217;utente e garantire il corretto funzionamento delle piattaforme.<\/p>\n\n\n\n<h3 class=\"wp-block-heading\">2. Quali Cookie utilizziamo?<\/h3>\n\n\n\n<p>Il nostro sito utilizza principalmente <strong>Cookie Tecnici e Strettamente Necessari<\/strong>, per i quali non \u00e8 richiesto il consenso preventivo dell&#8217;utente, in quanto indispensabili per il funzionamento del sito e per l&#8217;erogazione del servizio richiesto.<\/p>\n\n\n\n<p>Nello specifico, utilizziamo:<\/p>\n\n\n\n<p><strong>A. Cookie di navigazione o di sessione (WordPress)<\/strong> Questi cookie sono generati dal sistema di gestione dei contenuti (WordPress) e sono necessari per permettere la normale navigazione e fruizione del sito web.<\/p>\n\n\n\n<p><strong>B. Cookie di Funzionalit\u00e0 e Sicurezza (Guest Event Gallery)<\/strong> Per il nostro servizio di condivisione fotografica degli eventi privati, utilizziamo un cookie tecnico specifico:<\/p>\n\n\n\n<ul class=\"wp-block-list\">\n<li><strong>Nome del cookie:<\/strong> <code>guest_access_[id_evento]<\/code><\/li>\n\n\n\n<li><strong>Scopo:<\/strong> Questo cookie viene generato quando inserisci la password corretta per accedere a un evento privato. Serve esclusivamente a &#8220;ricordare&#8221; il tuo accesso, evitandoti di dover reinserire la password a ogni aggiornamento della pagina o se chiudi e riapri il browser.<\/li>\n\n\n\n<li><strong>Durata:<\/strong> 10 giorni dal momento dell&#8217;inserimento della password, dopodich\u00e9 scadr\u00e0 automaticamente e sar\u00e0 necessario reinserire la password.<\/li>\n<\/ul>\n\n\n\n<p><strong>C. Cookie di Terze Parti<\/strong> Visitando il nostro sito potresti ricevere cookie da siti gestiti da altre organizzazioni (&#8220;terze parti&#8221;). Un esempio sono i plugin social o i sistemi di analisi del traffico come Google Analytics. La gestione delle informazioni raccolte da terze parti \u00e8 disciplinata dalle relative informative, a cui ti preghiamo di fare riferimento.<\/p>\n\n\n\n<h3 class=\"wp-block-heading\">3. Profilazione e Tracciamento Marketing<\/h3>\n\n\n\n<p><strong>Non utilizziamo<\/strong> cookie di profilazione di prima parte per inviarti messaggi pubblicitari in linea con le preferenze manifestate nell&#8217;ambito della navigazione in rete. Il nostro sistema di gallerie fotografiche \u00e8 privato e non traccia i tuoi dati a scopi commerciali.<\/p>\n\n\n\n<h3 class=\"wp-block-heading\">4. Come gestire o disabilitare i Cookie?<\/h3>\n\n\n\n<p>Puoi decidere se accettare o meno i cookie utilizzando le impostazioni del tuo browser. Attenzione: la disabilitazione totale o parziale dei cookie tecnici (incluso quello per l&#8217;accesso agli eventi) potrebbe compromettere l&#8217;utilizzo delle funzionalit\u00e0 del sito riservate agli utenti registrati o con password.<\/p>\n\n\n\n<p>Ecco i link alle istruzioni per i browser pi\u00f9 comuni:<\/p>\n\n\n\n<ul class=\"wp-block-list\">\n<li><a href=\"https:\/\/support.google.com\/chrome\/answer\/95647?hl=it\" target=\"_blank\" rel=\"noreferrer noopener\">Google Chrome<\/a><\/li>\n\n\n\n<li><a href=\"https:\/\/support.mozilla.org\/it\/kb\/Gestione%20dei%20cookie\" target=\"_blank\" rel=\"noreferrer noopener\">Mozilla Firefox<\/a><\/li>\n\n\n\n<li><a href=\"https:\/\/support.apple.com\/it-it\/guide\/safari\/sfri11471\/mac\" target=\"_blank\" rel=\"noreferrer noopener\">Apple Safari<\/a><\/li>\n\n\n\n<li><a href=\"https:\/\/support.microsoft.com\/it-it\/microsoft-edge\/eliminare-i-cookie-in-microsoft-edge-63947406-40ac-c3b8-57b9-2a946a29ae09\" target=\"_blank\" rel=\"noreferrer noopener\">Microsoft Edge<\/a><\/li>\n<\/ul>\n\n\n\n<h3 class=\"wp-block-heading\">5. Titolare del Trattamento<\/h3>\n\n\n\n<p>Il Titolare del trattamento dei dati \u00e8: <strong>Go web snc<\/strong>  Email: [info@go-web.net]<\/p>\n\n\n\n<p>Per qualsiasi domanda o dubbio relativo all&#8217;utilizzo dei cookie su questo sito, puoi contattarci all&#8217;indirizzo email sopra indicato.<\/p>\n","protected":false},"excerpt":{"rendered":"<p>Informativa sull&#8217;utilizzo dei Cookie per foto.instampa.in La presente Cookie Policy ha lo scopo di illustrare i tipi e le finalit\u00e0 dei cookie utilizzati dal nostro sito web e di fornirti le indicazioni su come gestire le tue preferenze. 1. Cosa sono i Cookie? I cookie &hellip; <a href=\"https:\/\/foto.instampa.in\/?page_id=230\" class=\"more-link\"><span>Continua a leggere<span class=\"screen-reader-text\">Cookie Policy<\/span><\/span><\/a><\/p>\n","protected":false},"author":1,"featured_media":0,"parent":0,"menu_order":0,"comment_status":"closed","ping_status":"closed","template":"","meta":{"footnotes":""},"class_list":["post-230","page","type-page","status-publish","hentry"],"yoast_head":"<!-- This site is optimized with the Yoast SEO plugin v27.5 - https:\/\/yoast.com\/product\/yoast-seo-wordpress\/ -->\n<title>Cookie Policy - Le foto del tuo Evento<\/title>\n<meta name=\"robots\" content=\"noindex, follow, max-snippet:-1, max-image-preview:large, max-video-preview:-1\" \/>\n<meta property=\"og:locale\" content=\"it_IT\" \/>\n<meta property=\"og:type\" content=\"article\" \/>\n<meta property=\"og:title\" content=\"Cookie Policy - Le foto del tuo Evento\" \/>\n<meta property=\"og:description\" content=\"Informativa sull&#8217;utilizzo dei Cookie per foto.instampa.in La presente Cookie Policy ha lo scopo di illustrare i tipi e le finalit\u00e0 dei cookie utilizzati dal nostro sito web e di fornirti le indicazioni su come gestire le tue preferenze. 1. Cosa sono i Cookie? I cookie &hellip; Continua a leggereCookie Policy\" \/>\n<meta property=\"og:url\" content=\"https:\/\/foto.instampa.in\/?page_id=230\" \/>\n<meta property=\"og:site_name\" content=\"Le foto del tuo Evento\" \/>\n<meta property=\"article:modified_time\" content=\"2026-03-11T15:48:49+00:00\" \/>\n<meta name=\"twitter:card\" content=\"summary_large_image\" \/>\n<meta name=\"twitter:label1\" content=\"Tempo di lettura stimato\" \/>\n\t<meta name=\"twitter:data1\" content=\"3 minuti\" \/>\n<script type=\"application\/ld+json\" class=\"yoast-schema-graph\">{\"@context\":\"https:\\\/\\\/schema.org\",\"@graph\":[{\"@type\":\"WebPage\",\"@id\":\"https:\\\/\\\/foto.instampa.in\\\/?page_id=230\",\"url\":\"https:\\\/\\\/foto.instampa.in\\\/?page_id=230\",\"name\":\"Cookie Policy - Le foto del tuo Evento\",\"isPartOf\":{\"@id\":\"https:\\\/\\\/foto.instampa.in\\\/#website\"},\"datePublished\":\"2026-02-28T08:54:44+00:00\",\"dateModified\":\"2026-03-11T15:48:49+00:00\",\"breadcrumb\":{\"@id\":\"https:\\\/\\\/foto.instampa.in\\\/?page_id=230#breadcrumb\"},\"inLanguage\":\"it-IT\",\"potentialAction\":[{\"@type\":\"ReadAction\",\"target\":[\"https:\\\/\\\/foto.instampa.in\\\/?page_id=230\"]}]},{\"@type\":\"BreadcrumbList\",\"@id\":\"https:\\\/\\\/foto.instampa.in\\\/?page_id=230#breadcrumb\",\"itemListElement\":[{\"@type\":\"ListItem\",\"position\":1,\"name\":\"Home\",\"item\":\"https:\\\/\\\/foto.instampa.in\\\/\"},{\"@type\":\"ListItem\",\"position\":2,\"name\":\"Cookie Policy\"}]},{\"@type\":\"WebSite\",\"@id\":\"https:\\\/\\\/foto.instampa.in\\\/#website\",\"url\":\"https:\\\/\\\/foto.instampa.in\\\/\",\"name\":\"Le foto del tuo Evento\",\"description\":\"\",\"potentialAction\":[{\"@type\":\"SearchAction\",\"target\":{\"@type\":\"EntryPoint\",\"urlTemplate\":\"https:\\\/\\\/foto.instampa.in\\\/?s={search_term_string}\"},\"query-input\":{\"@type\":\"PropertyValueSpecification\",\"valueRequired\":true,\"valueName\":\"search_term_string\"}}],\"inLanguage\":\"it-IT\"}]}<\/script>\n<!-- \/ Yoast SEO plugin. -->","yoast_head_json":{"title":"Cookie Policy - Le foto del tuo Evento","robots":{"index":"noindex","follow":"follow","max-snippet":"max-snippet:-1","max-image-preview":"max-image-preview:large","max-video-preview":"max-video-preview:-1"},"og_locale":"it_IT","og_type":"article","og_title":"Cookie Policy - Le foto del tuo Evento","og_description":"Informativa sull&#8217;utilizzo dei Cookie per foto.instampa.in La presente Cookie Policy ha lo scopo di illustrare i tipi e le finalit\u00e0 dei cookie utilizzati dal nostro sito web e di fornirti le indicazioni su come gestire le tue preferenze. 1. Cosa sono i Cookie? I cookie &hellip; Continua a leggereCookie Policy","og_url":"https:\/\/foto.instampa.in\/?page_id=230","og_site_name":"Le foto del tuo Evento","article_modified_time":"2026-03-11T15:48:49+00:00","twitter_card":"summary_large_image","twitter_misc":{"Tempo di lettura stimato":"3 minuti"},"schema":{"@context":"https:\/\/schema.org","@graph":[{"@type":"WebPage","@id":"https:\/\/foto.instampa.in\/?page_id=230","url":"https:\/\/foto.instampa.in\/?page_id=230","name":"Cookie Policy - Le foto del tuo Evento","isPartOf":{"@id":"https:\/\/foto.instampa.in\/#website"},"datePublished":"2026-02-28T08:54:44+00:00","dateModified":"2026-03-11T15:48:49+00:00","breadcrumb":{"@id":"https:\/\/foto.instampa.in\/?page_id=230#breadcrumb"},"inLanguage":"it-IT","potentialAction":[{"@type":"ReadAction","target":["https:\/\/foto.instampa.in\/?page_id=230"]}]},{"@type":"BreadcrumbList","@id":"https:\/\/foto.instampa.in\/?page_id=230#breadcrumb","itemListElement":[{"@type":"ListItem","position":1,"name":"Home","item":"https:\/\/foto.instampa.in\/"},{"@type":"ListItem","position":2,"name":"Cookie Policy"}]},{"@type":"WebSite","@id":"https:\/\/foto.instampa.in\/#website","url":"https:\/\/foto.instampa.in\/","name":"Le foto del tuo Evento","description":"","potentialAction":[{"@type":"SearchAction","target":{"@type":"EntryPoint","urlTemplate":"https:\/\/foto.instampa.in\/?s={search_term_string}"},"query-input":{"@type":"PropertyValueSpecification","valueRequired":true,"valueName":"search_term_string"}}],"inLanguage":"it-IT"}]}},"jetpack_sharing_enabled":true,"_links":{"self":[{"href":"https:\/\/foto.instampa.in\/index.php?rest_route=\/wp\/v2\/pages\/230","targetHints":{"allow":["GET"]}}],"collection":[{"href":"https:\/\/foto.instampa.in\/index.php?rest_route=\/wp\/v2\/pages"}],"about":[{"href":"https:\/\/foto.instampa.in\/index.php?rest_route=\/wp\/v2\/types\/page"}],"author":[{"embeddable":true,"href":"https:\/\/foto.instampa.in\/index.php?rest_route=\/wp\/v2\/users\/1"}],"replies":[{"embeddable":true,"href":"https:\/\/foto.instampa.in\/index.php?rest_route=%2Fwp%2Fv2%2Fcomments&post=230"}],"version-history":[{"count":2,"href":"https:\/\/foto.instampa.in\/index.php?rest_route=\/wp\/v2\/pages\/230\/revisions"}],"predecessor-version":[{"id":309,"href":"https:\/\/foto.instampa.in\/index.php?rest_route=\/wp\/v2\/pages\/230\/revisions\/309"}],"wp:attachment":[{"href":"https:\/\/foto.instampa.in\/index.php?rest_route=%2Fwp%2Fv2%2Fmedia&parent=230"}],"curies":[{"name":"wp","href":"https:\/\/api.w.org\/{rel}","templated":true}]}}